{"id":3100,"date":"2019-01-23T06:31:53","date_gmt":"2019-01-22T23:31:53","guid":{"rendered":"http:\/\/www.ttthsaigon.vn\/?page_id=3100"},"modified":"2025-04-14T09:39:33","modified_gmt":"2025-04-14T02:39:33","slug":"tin-tuc","status":"publish","type":"page","link":"https:\/\/ttthsaigon.vn\/index.php\/tin-tuc\/","title":{"rendered":"TIN T\u1ee8C"},"content":{"rendered":"\t\t<div data-elementor-type=\"wp-post\" data-elementor-id=\"3100\" class=\"elementor elementor-3100\" data-elementor-settings=\"[]\">\n\t\t\t\t\t\t<div class=\"elementor-inner\">\n\t\t\t\t\t\t\t<div class=\"elementor-section-wrap\">\n\t\t\t\t\t\t\t<section class=\"elementor-section elementor-top-section elementor-element elementor-element-caa47fa elementor-section-content-middle elementor-section-boxed elementor-section-height-default elementor-section-height-default\" data-id=\"caa47fa\" data-element_type=\"section\" data-settings=\"{&quot;background_background&quot;:&quot;classic&quot;}\">\n\t\t\t\t\t\t\t<div class=\"elementor-background-overlay\"><\/div>\n\t\t\t\t\t\t\t<div class=\"elementor-container elementor-column-gap-no\">\n\t\t\t\t\t\t\t<div class=\"elementor-row\">\n\t\t\t\t\t<div class=\"elementor-column elementor-col-100 elementor-top-column elementor-element elementor-element-def1b4b\" data-id=\"def1b4b\" data-element_type=\"column\">\n\t\t\t<div class=\"elementor-column-wrap\">\n\t\t\t\t\t\t\t<div class=\"elementor-widget-wrap\">\n\t\t\t\t\t\t\t\t<\/div>\n\t\t\t\t\t<\/div>\n\t\t<\/div>\n\t\t\t\t\t\t\t\t<\/div>\n\t\t\t\t\t<\/div>\n\t\t<\/section>\n\t\t\t\t<section class=\"elementor-section elementor-top-section elementor-element elementor-element-823a28c elementor-section-boxed elementor-section-height-default elementor-section-height-default\" data-id=\"823a28c\" data-element_type=\"section\">\n\t\t\t\t\t\t<div class=\"elementor-container elementor-column-gap-default\">\n\t\t\t\t\t\t\t<div class=\"elementor-row\">\n\t\t\t\t\t<div class=\"elementor-column elementor-col-100 elementor-top-column elementor-element elementor-element-001105c\" data-id=\"001105c\" data-element_type=\"column\">\n\t\t\t<div class=\"elementor-column-wrap elementor-element-populated\">\n\t\t\t\t\t\t\t<div class=\"elementor-widget-wrap\">\n\t\t\t\t\t\t<div class=\"elementor-element elementor-element-8aa4164 elementor-widget-divider--view-line_text elementor-widget-divider--element-align-center elementor-widget elementor-widget-divider\" data-id=\"8aa4164\" data-element_type=\"widget\" data-widget_type=\"divider.default\">\n\t\t\t\t<div class=\"elementor-widget-container\">\n\t\t\t\t\t<div class=\"elementor-divider\">\n\t\t\t<span class=\"elementor-divider-separator\">\n\t\t\t\t\t\t\t<span class=\"elementor-divider__text elementor-divider__element\">Tin t\u1ee9c v\u00e0 s\u1ef1 ki\u1ec7n<\/span>\n\t\t\t\t\t\t<\/span>\n\t\t<\/div>\n\t\t\t\t<\/div>\n\t\t\t\t<\/div>\n\t\t\t\t\t\t<\/div>\n\t\t\t\t\t<\/div>\n\t\t<\/div>\n\t\t\t\t\t\t\t\t<\/div>\n\t\t\t\t\t<\/div>\n\t\t<\/section>\n\t\t\t\t<section class=\"elementor-section elementor-top-section elementor-element elementor-element-dadf797 elementor-section-boxed elementor-section-height-default elementor-section-height-default\" data-id=\"dadf797\" data-element_type=\"section\">\n\t\t\t\t\t\t<div class=\"elementor-container elementor-column-gap-default\">\n\t\t\t\t\t\t\t<div class=\"elementor-row\">\n\t\t\t\t\t<div class=\"elementor-column elementor-col-50 elementor-top-column elementor-element elementor-element-837bacc\" data-id=\"837bacc\" data-element_type=\"column\">\n\t\t\t<div class=\"elementor-column-wrap elementor-element-populated\">\n\t\t\t\t\t\t\t<div class=\"elementor-widget-wrap\">\n\t\t\t\t\t\t<div class=\"elementor-element elementor-element-9f4dbff elementor-grid-1 elementor-grid-tablet-2 elementor-grid-mobile-1 elementor-posts--thumbnail-top elementor-widget elementor-widget-posts\" data-id=\"9f4dbff\" data-element_type=\"widget\" data-settings=\"{&quot;classic_columns&quot;:&quot;1&quot;,&quot;classic_columns_tablet&quot;:&quot;2&quot;,&quot;classic_columns_mobile&quot;:&quot;1&quot;,&quot;classic_row_gap&quot;:{&quot;unit&quot;:&quot;px&quot;,&quot;size&quot;:35,&quot;sizes&quot;:[]}}\" data-widget_type=\"posts.classic\">\n\t\t\t\t<div class=\"elementor-widget-container\">\n\t\t\t\t\t<div class=\"elementor-posts-container elementor-posts elementor-posts--skin-classic elementor-grid\">\n\t\t\t\t<article class=\"elementor-post elementor-grid-item post-8311 post type-post status-publish format-standard has-post-thumbnail hentry category-tin-tuc\">\n\t\t\t\t<a class=\"elementor-post__thumbnail__link\" href=\"https:\/\/ttthsaigon.vn\/index.php\/thong-bao-ke-hoach-tuyen-dung-lao-dong-giai-doan-2026-2031\/\" >\n\t\t\t<div class=\"elementor-post__thumbnail\"><img width=\"800\" height=\"500\" src=\"https:\/\/ttthsaigon.vn\/wp-content\/uploads\/2026\/04\/canh_dong_xanh_muot_tao_cam_giac_thu_thai_va_binh_yen_845456e2a6.jpg\" class=\"attachment-full size-full\" alt=\"\" loading=\"lazy\" srcset=\"https:\/\/ttthsaigon.vn\/wp-content\/uploads\/2026\/04\/canh_dong_xanh_muot_tao_cam_giac_thu_thai_va_binh_yen_845456e2a6.jpg 800w, https:\/\/ttthsaigon.vn\/wp-content\/uploads\/2026\/04\/canh_dong_xanh_muot_tao_cam_giac_thu_thai_va_binh_yen_845456e2a6-300x188.jpg 300w, https:\/\/ttthsaigon.vn\/wp-content\/uploads\/2026\/04\/canh_dong_xanh_muot_tao_cam_giac_thu_thai_va_binh_yen_845456e2a6-768x480.jpg 768w\" sizes=\"(max-width: 800px) 100vw, 800px\" \/><\/div>\n\t\t<\/a>\n\t\t\t\t<div class=\"elementor-post__text\">\n\t\t\t\t<h3 class=\"elementor-post__title\">\n\t\t\t<a href=\"https:\/\/ttthsaigon.vn\/index.php\/thong-bao-ke-hoach-tuyen-dung-lao-dong-giai-doan-2026-2031\/\" >\n\t\t\t\tTh\u00f4ng b\u00e1o K\u1ebf ho\u1ea1ch tuy\u1ec3n d\u1ee5ng lao \u0111\u1ed9ng giai \u0111o\u1ea1n 2026-2031\t\t\t<\/a>\n\t\t<\/h3>\n\t\t\t\t<div class=\"elementor-post__meta-data\">\n\t\t\t\t\t<span class=\"elementor-post-date\">\n\t\t\t03\/04\/2026\t\t<\/span>\n\t\t\t\t<\/div>\n\t\t\t\t<div class=\"elementor-post__excerpt\">\n\t\t\t\t\t<\/div>\n\t\t\t\t\t<a class=\"elementor-post__read-more\" href=\"https:\/\/ttthsaigon.vn\/index.php\/thong-bao-ke-hoach-tuyen-dung-lao-dong-giai-doan-2026-2031\/\" >\n\t\t\t\tChi ti\u1ebft \u00bb\t\t\t<\/a>\n\t\t\t\t<\/div>\n\t\t\t\t<\/article>\n\t\t\t\t<article class=\"elementor-post elementor-grid-item post-8293 post type-post status-publish format-standard has-post-thumbnail hentry category-tin-tuc\">\n\t\t\t\t<a class=\"elementor-post__thumbnail__link\" href=\"https:\/\/ttthsaigon.vn\/index.php\/doi-thoai-thanh-nien-ds-viet-nam-san-sang-don-dau-ky-nguyen-toc-do-cao\/\" >\n\t\t\t<div class=\"elementor-post__thumbnail\"><img width=\"2048\" height=\"1365\" src=\"https:\/\/ttthsaigon.vn\/wp-content\/uploads\/2026\/03\/3.jpg\" class=\"attachment-full size-full\" alt=\"\" loading=\"lazy\" srcset=\"https:\/\/ttthsaigon.vn\/wp-content\/uploads\/2026\/03\/3.jpg 2048w, https:\/\/ttthsaigon.vn\/wp-content\/uploads\/2026\/03\/3-300x200.jpg 300w, https:\/\/ttthsaigon.vn\/wp-content\/uploads\/2026\/03\/3-1024x683.jpg 1024w, https:\/\/ttthsaigon.vn\/wp-content\/uploads\/2026\/03\/3-768x512.jpg 768w, https:\/\/ttthsaigon.vn\/wp-content\/uploads\/2026\/03\/3-1536x1024.jpg 1536w\" sizes=\"(max-width: 2048px) 100vw, 2048px\" \/><\/div>\n\t\t<\/a>\n\t\t\t\t<div class=\"elementor-post__text\">\n\t\t\t\t<h3 class=\"elementor-post__title\">\n\t\t\t<a href=\"https:\/\/ttthsaigon.vn\/index.php\/doi-thoai-thanh-nien-ds-viet-nam-san-sang-don-dau-ky-nguyen-toc-do-cao\/\" >\n\t\t\t\t\u0110\u1ed1i tho\u1ea1i thanh ni\u00ean \u0110S Vi\u1ec7t Nam: S\u1eb5n s\u00e0ng \u0111\u00f3n \u0111\u1ea7u k\u1ef7 nguy\u00ean t\u1ed1c \u0111\u1ed9 cao\t\t\t<\/a>\n\t\t<\/h3>\n\t\t\t\t<div class=\"elementor-post__meta-data\">\n\t\t\t\t\t<span class=\"elementor-post-date\">\n\t\t\t26\/03\/2026\t\t<\/span>\n\t\t\t\t<\/div>\n\t\t\t\t<div class=\"elementor-post__excerpt\">\n\t\t\t<p>S\u00e1ng 24\/3, t\u1ea1i H\u1ed9i tr\u01b0\u1eddng C\u00f4ng ty CP Xe l\u1eeda Gia L\u00e2m, 146 \u0111o\u00e0n vi\u00ean thanh ni\u00ean (\u0110VTN) ti\u00eau bi\u1ec3u \u0111\u1ea1i di\u1ec7n cho h\u01a1n 4 ngh\u00ecn \u0110VTN ng\u00e0nh \u0110S tham d\u1ef1 H\u1ed9i ngh\u1ecb \u0110\u1ed1i tho\u1ea1i v\u1edbi l\u00e3nh \u0111\u1ea1o T\u1ed5ng c\u00f4ng ty \u0110\u01b0\u1eddng s\u1eaft Vi\u1ec7t Nam (VNR) do T\u1ed5ng Gi\u00e1m \u0111\u1ed1c Ho\u00e0ng Gia Kh\u00e1nh ch\u1ee7 tr\u00ec.<\/p>\n\t\t<\/div>\n\t\t\t\t\t<a class=\"elementor-post__read-more\" href=\"https:\/\/ttthsaigon.vn\/index.php\/doi-thoai-thanh-nien-ds-viet-nam-san-sang-don-dau-ky-nguyen-toc-do-cao\/\" >\n\t\t\t\tChi ti\u1ebft \u00bb\t\t\t<\/a>\n\t\t\t\t<\/div>\n\t\t\t\t<\/article>\n\t\t\t\t<article class=\"elementor-post elementor-grid-item post-8252 post type-post status-publish format-standard has-post-thumbnail hentry category-tin-tuc\">\n\t\t\t\t<a class=\"elementor-post__thumbnail__link\" href=\"https:\/\/ttthsaigon.vn\/index.php\/tham-hoi-va-tang-qua-cac-tap-the-ca-nhan-tham-gia-khac-phuc-su-co-cau-ghenh\/\" >\n\t\t\t<div class=\"elementor-post__thumbnail\"><img width=\"800\" height=\"450\" src=\"https:\/\/ttthsaigon.vn\/wp-content\/uploads\/2026\/03\/1.jpg\" class=\"attachment-full size-full\" alt=\"\" loading=\"lazy\" srcset=\"https:\/\/ttthsaigon.vn\/wp-content\/uploads\/2026\/03\/1.jpg 800w, https:\/\/ttthsaigon.vn\/wp-content\/uploads\/2026\/03\/1-300x169.jpg 300w, https:\/\/ttthsaigon.vn\/wp-content\/uploads\/2026\/03\/1-768x432.jpg 768w\" sizes=\"(max-width: 800px) 100vw, 800px\" \/><\/div>\n\t\t<\/a>\n\t\t\t\t<div class=\"elementor-post__text\">\n\t\t\t\t<h3 class=\"elementor-post__title\">\n\t\t\t<a href=\"https:\/\/ttthsaigon.vn\/index.php\/tham-hoi-va-tang-qua-cac-tap-the-ca-nhan-tham-gia-khac-phuc-su-co-cau-ghenh\/\" >\n\t\t\t\tTh\u0103m h\u1ecfi v\u00e0 t\u1eb7ng qu\u00e0 c\u00e1c t\u1eadp th\u1ec3, c\u00e1 nh\u00e2n tham gia kh\u1eafc ph\u1ee5c s\u1ef1 c\u1ed1 c\u1ea7u Gh\u1ec1nh\t\t\t<\/a>\n\t\t<\/h3>\n\t\t\t\t<div class=\"elementor-post__meta-data\">\n\t\t\t\t\t<span class=\"elementor-post-date\">\n\t\t\t16\/03\/2026\t\t<\/span>\n\t\t\t\t<\/div>\n\t\t\t\t<div class=\"elementor-post__excerpt\">\n\t\t\t<p>Ng\u00e0y 13\/3, t\u1ea1i ga S\u00e0i G\u00f2n, T\u1ed5ng C\u00f4ng ty \u0110SVN ph\u1ed1i h\u1ee3p v\u1edbi T\u1ed5ng Li\u00ean \u0111o\u00e0n Lao \u0111\u1ed9ng Vi\u1ec7t Nam v\u00e0 Li\u00ean \u0111o\u00e0n lao \u0111\u1ed9ng Th\u00e0nh ph\u1ed1 H\u1ed3 Ch\u00ed Minh \u0111\u00e3 t\u1ed5 ch\u1ee9c g\u1eb7p m\u1eb7t n\u1eef c\u00f4ng nh\u00e2n lao \u0111\u1ed9ng c\u00e1c \u0111\u01a1n v\u1ecb \u0111\u01b0\u1eddng s\u1eaft khu v\u1ef1c S\u00e0i G\u00f2n, \u0111\u1ed3ng th\u1eddi bi\u1ec3u d\u01b0\u01a1ng, khen th\u01b0\u1edfng<\/p>\n\t\t<\/div>\n\t\t\t\t\t<a class=\"elementor-post__read-more\" href=\"https:\/\/ttthsaigon.vn\/index.php\/tham-hoi-va-tang-qua-cac-tap-the-ca-nhan-tham-gia-khac-phuc-su-co-cau-ghenh\/\" >\n\t\t\t\tChi ti\u1ebft \u00bb\t\t\t<\/a>\n\t\t\t\t<\/div>\n\t\t\t\t<\/article>\n\t\t\t\t<article class=\"elementor-post elementor-grid-item post-8244 post type-post status-publish format-standard has-post-thumbnail hentry category-tin-tuc\">\n\t\t\t\t<a class=\"elementor-post__thumbnail__link\" href=\"https:\/\/ttthsaigon.vn\/index.php\/cuoc-thi-video-spotlight-dam-dai-dat-nuoc\/\" >\n\t\t\t<div class=\"elementor-post__thumbnail\"><img width=\"600\" height=\"353\" src=\"https:\/\/ttthsaigon.vn\/wp-content\/uploads\/2026\/03\/ve-dep-viet-nam-theo-banh-con-tau-1.jpg\" class=\"attachment-full size-full\" alt=\"\" loading=\"lazy\" srcset=\"https:\/\/ttthsaigon.vn\/wp-content\/uploads\/2026\/03\/ve-dep-viet-nam-theo-banh-con-tau-1.jpg 600w, https:\/\/ttthsaigon.vn\/wp-content\/uploads\/2026\/03\/ve-dep-viet-nam-theo-banh-con-tau-1-300x177.jpg 300w\" sizes=\"(max-width: 600px) 100vw, 600px\" \/><\/div>\n\t\t<\/a>\n\t\t\t\t<div class=\"elementor-post__text\">\n\t\t\t\t<h3 class=\"elementor-post__title\">\n\t\t\t<a href=\"https:\/\/ttthsaigon.vn\/index.php\/cuoc-thi-video-spotlight-dam-dai-dat-nuoc\/\" >\n\t\t\t\tCu\u1ed9c thi Video Spotlight &#8220;D\u1eb7m d\u00e0i \u0111\u1ea5t n\u01b0\u1edbc&#8221;\t\t\t<\/a>\n\t\t<\/h3>\n\t\t\t\t<div class=\"elementor-post__meta-data\">\n\t\t\t\t\t<span class=\"elementor-post-date\">\n\t\t\t04\/03\/2026\t\t<\/span>\n\t\t\t\t<\/div>\n\t\t\t\t<div class=\"elementor-post__excerpt\">\n\t\t\t<p>Cu\u1ed9c thi do T\u1ed5ng C\u00f4ng ty \u0110\u01b0\u1eddng s\u1eaft Vi\u1ec7t Nam (VNR) v\u00e0 Trung t\u00e2m N\u1ed9i dung s\u1ed1 v\u00e0 Truy\u1ec1n th\u00f4ng (VNA)- TTXVN, ph\u00e1t \u0111\u1ed9ng, h\u01b0\u1edbng t\u1edbi k\u1ef7 ni\u1ec7m 80 n\u0103m th\u00e0nh l\u1eadp ng\u00e0nh \u0111\u01b0\u1eddng s\u1eaft Vi\u1ec7t Nam v\u00e0 81 n\u0103m Th\u00f4ng t\u1ea5n x\u00e3 Vi\u1ec7t Nam. V\u1edbi th\u00f4ng \u0111i\u1ec7p: M\u1ed7i chuy\u1ebfn t\u00e0u \u2013 m\u1ed9t c\u00e2u chuy\u1ec7n;<\/p>\n\t\t<\/div>\n\t\t\t\t\t<a class=\"elementor-post__read-more\" href=\"https:\/\/ttthsaigon.vn\/index.php\/cuoc-thi-video-spotlight-dam-dai-dat-nuoc\/\" >\n\t\t\t\tChi ti\u1ebft \u00bb\t\t\t<\/a>\n\t\t\t\t<\/div>\n\t\t\t\t<\/article>\n\t\t\t\t<article class=\"elementor-post elementor-grid-item post-8203 post type-post status-publish format-standard has-post-thumbnail hentry category-tin-tuc\">\n\t\t\t\t<a class=\"elementor-post__thumbnail__link\" href=\"https:\/\/ttthsaigon.vn\/index.php\/viet-ve-nhung-ky-uc-ky-niem-ve-nganh-dsvn-suu-tam-trung-bay-anh-bac-ho-lanh-dao-dang-nha-nuoc-voi-nganh-ds-va-sang-tac-anh-ve-dsvn-giai-doan-2025-2026\/\" >\n\t\t\t<div class=\"elementor-post__thumbnail\"><img width=\"1390\" height=\"1108\" src=\"https:\/\/ttthsaigon.vn\/wp-content\/uploads\/2026\/01\/BH-va-DS.jpg\" class=\"attachment-full size-full\" alt=\"\" loading=\"lazy\" srcset=\"https:\/\/ttthsaigon.vn\/wp-content\/uploads\/2026\/01\/BH-va-DS.jpg 1390w, https:\/\/ttthsaigon.vn\/wp-content\/uploads\/2026\/01\/BH-va-DS-300x239.jpg 300w, https:\/\/ttthsaigon.vn\/wp-content\/uploads\/2026\/01\/BH-va-DS-1024x816.jpg 1024w, https:\/\/ttthsaigon.vn\/wp-content\/uploads\/2026\/01\/BH-va-DS-768x612.jpg 768w\" sizes=\"(max-width: 1390px) 100vw, 1390px\" \/><\/div>\n\t\t<\/a>\n\t\t\t\t<div class=\"elementor-post__text\">\n\t\t\t\t<h3 class=\"elementor-post__title\">\n\t\t\t<a href=\"https:\/\/ttthsaigon.vn\/index.php\/viet-ve-nhung-ky-uc-ky-niem-ve-nganh-dsvn-suu-tam-trung-bay-anh-bac-ho-lanh-dao-dang-nha-nuoc-voi-nganh-ds-va-sang-tac-anh-ve-dsvn-giai-doan-2025-2026\/\" >\n\t\t\t\tVi\u1ebft v\u1ec1 nh\u1eefng k\u00fd \u1ee9c, k\u1ef7 ni\u1ec7m v\u1ec1 ng\u00e0nh \u0110SVN, s\u01b0u t\u1ea7m, tr\u01b0ng b\u00e0y \u1ea3nh B\u00e1c H\u1ed3, L\u00e3nh \u0111\u1ea1o \u0110\u1ea3ng, Nh\u00e0 n\u01b0\u1edbc v\u1edbi ng\u00e0nh \u0110S v\u00e0 s\u00e1ng t\u00e1c \u1ea3nh v\u1ec1 \u0110SVN giai \u0111o\u1ea1n 2025-2026\t\t\t<\/a>\n\t\t<\/h3>\n\t\t\t\t<div class=\"elementor-post__meta-data\">\n\t\t\t\t\t<span class=\"elementor-post-date\">\n\t\t\t30\/01\/2026\t\t<\/span>\n\t\t\t\t<\/div>\n\t\t\t\t<div class=\"elementor-post__excerpt\">\n\t\t\t<p>T\u1ed5ng c\u00f4ng ty \u0110\u01b0\u1eddng s\u1eaft Vi\u1ec7t Nam ph\u00e1t \u0111\u1ed9ng Cu\u1ed9c v\u1eadn \u0111\u1ed9ng \u201cVi\u1ebft v\u1ec1 nh\u1eefng k\u00fd \u1ee9c, k\u1ef7 ni\u1ec7m s\u00e2u s\u1eafc v\u1ec1 ng\u00e0nh \u0110\u01b0\u1eddng s\u1eaft Vi\u1ec7t Nam\u201d v\u00e0 s\u01b0u t\u1ea7m, tr\u01b0ng b\u00e0y \u1ea3nh \u201cB\u00e1c H\u1ed3, L\u00e3nh \u0111\u1ea1o \u0110\u1ea3ng, Nh\u00e0 n\u01b0\u1edbc v\u1edbi ng\u00e0nh \u0110\u01b0\u1eddng s\u1eaft Vi\u1ec7t Nam\u201d; s\u00e1ng t\u00e1c \u1ea3nh v\u1ec1 \u0110\u01b0\u1eddng s\u1eaft Vi\u1ec7t Nam giai<\/p>\n\t\t<\/div>\n\t\t\t\t\t<a class=\"elementor-post__read-more\" href=\"https:\/\/ttthsaigon.vn\/index.php\/viet-ve-nhung-ky-uc-ky-niem-ve-nganh-dsvn-suu-tam-trung-bay-anh-bac-ho-lanh-dao-dang-nha-nuoc-voi-nganh-ds-va-sang-tac-anh-ve-dsvn-giai-doan-2025-2026\/\" >\n\t\t\t\tChi ti\u1ebft \u00bb\t\t\t<\/a>\n\t\t\t\t<\/div>\n\t\t\t\t<\/article>\n\t\t\t\t<article class=\"elementor-post elementor-grid-item post-8156 post type-post status-publish format-standard has-post-thumbnail hentry category-tin-tuc\">\n\t\t\t\t<a class=\"elementor-post__thumbnail__link\" href=\"https:\/\/ttthsaigon.vn\/index.php\/thu-chuc-tet-2026\/\" >\n\t\t\t<div class=\"elementor-post__thumbnail\"><img width=\"1241\" height=\"1754\" src=\"https:\/\/ttthsaigon.vn\/wp-content\/uploads\/2026\/01\/THU-CHUC-TET-2026-1_page-0001.jpg\" class=\"attachment-full size-full\" alt=\"\" loading=\"lazy\" srcset=\"https:\/\/ttthsaigon.vn\/wp-content\/uploads\/2026\/01\/THU-CHUC-TET-2026-1_page-0001.jpg 1241w, https:\/\/ttthsaigon.vn\/wp-content\/uploads\/2026\/01\/THU-CHUC-TET-2026-1_page-0001-212x300.jpg 212w, https:\/\/ttthsaigon.vn\/wp-content\/uploads\/2026\/01\/THU-CHUC-TET-2026-1_page-0001-725x1024.jpg 725w, https:\/\/ttthsaigon.vn\/wp-content\/uploads\/2026\/01\/THU-CHUC-TET-2026-1_page-0001-768x1085.jpg 768w, https:\/\/ttthsaigon.vn\/wp-content\/uploads\/2026\/01\/THU-CHUC-TET-2026-1_page-0001-1087x1536.jpg 1087w\" sizes=\"(max-width: 1241px) 100vw, 1241px\" \/><\/div>\n\t\t<\/a>\n\t\t\t\t<div class=\"elementor-post__text\">\n\t\t\t\t<h3 class=\"elementor-post__title\">\n\t\t\t<a href=\"https:\/\/ttthsaigon.vn\/index.php\/thu-chuc-tet-2026\/\" >\n\t\t\t\tTh\u01b0 ch\u00fac T\u1ebft 2026\t\t\t<\/a>\n\t\t<\/h3>\n\t\t\t\t<div class=\"elementor-post__meta-data\">\n\t\t\t\t\t<span class=\"elementor-post-date\">\n\t\t\t07\/01\/2026\t\t<\/span>\n\t\t\t\t<\/div>\n\t\t\t\t<div class=\"elementor-post__excerpt\">\n\t\t\t\t\t<\/div>\n\t\t\t\t\t<a class=\"elementor-post__read-more\" href=\"https:\/\/ttthsaigon.vn\/index.php\/thu-chuc-tet-2026\/\" >\n\t\t\t\tChi ti\u1ebft \u00bb\t\t\t<\/a>\n\t\t\t\t<\/div>\n\t\t\t\t<\/article>\n\t\t\t\t<\/div>\n\t\t\t\t<nav class=\"elementor-pagination\" role=\"navigation\" aria-label=\"Pagination\">\n\t\t\t<span class=\"page-numbers prev\">&laquo; Trang tr\u01b0\u1edbc<\/span>\n<span aria-current=\"page\" class=\"page-numbers current\"><span class=\"elementor-screen-only\">Page<\/span>1<\/span>\n<a class=\"page-numbers\" href=\"https:\/\/ttthsaigon.vn\/index.php\/wp-json\/wp\/v2\/pages\/3100\/page\/2\/\"><span class=\"elementor-screen-only\">Page<\/span>2<\/a>\n<a class=\"page-numbers\" href=\"https:\/\/ttthsaigon.vn\/index.php\/wp-json\/wp\/v2\/pages\/3100\/page\/3\/\"><span class=\"elementor-screen-only\">Page<\/span>3<\/a>\n<a class=\"page-numbers\" href=\"https:\/\/ttthsaigon.vn\/index.php\/wp-json\/wp\/v2\/pages\/3100\/page\/4\/\"><span class=\"elementor-screen-only\">Page<\/span>4<\/a>\n<a class=\"page-numbers\" href=\"https:\/\/ttthsaigon.vn\/index.php\/wp-json\/wp\/v2\/pages\/3100\/page\/5\/\"><span class=\"elementor-screen-only\">Page<\/span>5<\/a>\n<a class=\"page-numbers\" href=\"https:\/\/ttthsaigon.vn\/index.php\/wp-json\/wp\/v2\/pages\/3100\/page\/6\/\"><span class=\"elementor-screen-only\">Page<\/span>6<\/a>\n<a class=\"page-numbers\" href=\"https:\/\/ttthsaigon.vn\/index.php\/wp-json\/wp\/v2\/pages\/3100\/page\/7\/\"><span class=\"elementor-screen-only\">Page<\/span>7<\/a>\n<a class=\"page-numbers\" href=\"https:\/\/ttthsaigon.vn\/index.php\/wp-json\/wp\/v2\/pages\/3100\/page\/8\/\"><span class=\"elementor-screen-only\">Page<\/span>8<\/a>\n<a class=\"page-numbers\" href=\"https:\/\/ttthsaigon.vn\/index.php\/wp-json\/wp\/v2\/pages\/3100\/page\/9\/\"><span class=\"elementor-screen-only\">Page<\/span>9<\/a>\n<a class=\"page-numbers\" href=\"https:\/\/ttthsaigon.vn\/index.php\/wp-json\/wp\/v2\/pages\/3100\/page\/10\/\"><span class=\"elementor-screen-only\">Page<\/span>10<\/a>\n<a class=\"page-numbers next\" href=\"https:\/\/ttthsaigon.vn\/index.php\/wp-json\/wp\/v2\/pages\/3100\/page\/2\/\">Trang sau &raquo;<\/a>\t\t<\/nav>\n\t\t\t\t<\/div>\n\t\t\t\t<\/div>\n\t\t\t\t\t\t<\/div>\n\t\t\t\t\t<\/div>\n\t\t<\/div>\n\t\t\t\t<div class=\"elementor-column elementor-col-50 elementor-top-column elementor-element elementor-element-43cfb7f\" data-id=\"43cfb7f\" data-element_type=\"column\">\n\t\t\t<div class=\"elementor-column-wrap elementor-element-populated\">\n\t\t\t\t\t\t\t<div class=\"elementor-widget-wrap\">\n\t\t\t\t\t\t<div class=\"elementor-element elementor-element-6186254 elementor-widget elementor-widget-html\" data-id=\"6186254\" data-element_type=\"widget\" data-widget_type=\"html.default\">\n\t\t\t\t<div class=\"elementor-widget-container\">\n\t\t\t<script src=\"https:\/\/www.fireant.vn\/Scripts\/web\/widgets.js\"><\/script>\r\n<div id=\"fan-quote-531\"><\/div>\r\n<script type=\"text\/javascript\">\r\n\tnew FireAnt.QuoteWidget({\r\n\t\t\"container_id\": \"fan-quote-531\",\r\n\t\t\"symbols\": \"TSG\",\r\n\t\t\"locale\": \"vi\",\r\n\t\t\"price_line_color\": \"#71BDDF\",\r\n\t\t\"grid_color\": \"#999999\",\r\n\t\t\"label_color\": \"#999999\",\r\n\t\t\"width\": \"350px\",\r\n\t\t\"height\": \"300px\"\r\n\t});\r\n<\/script>\t\t<\/div>\n\t\t\t\t<\/div>\n\t\t\t\t<div class=\"elementor-element elementor-element-4dda68c elementor-widget elementor-widget-jet-weather\" data-id=\"4dda68c\" data-element_type=\"widget\" data-widget_type=\"jet-weather.default\">\n\t\t\t\t<div class=\"elementor-widget-container\">\n\t\t\t<div class=\"elementor-jet-weather jet-elements\"><div class=\"jet-weather-notice\">Weather data of this location not found.<\/div><\/div>\t\t<\/div>\n\t\t\t\t<\/div>\n\t\t\t\t\t\t<\/div>\n\t\t\t\t\t<\/div>\n\t\t<\/div>\n\t\t\t\t\t\t\t\t<\/div>\n\t\t\t\t\t<\/div>\n\t\t<\/section>\n\t\t\t\t<section class=\"elementor-section elementor-top-section elementor-element elementor-element-13f7810 elementor-section-boxed elementor-section-height-default elementor-section-height-default\" data-id=\"13f7810\" data-element_type=\"section\">\n\t\t\t\t\t\t<div class=\"elementor-container elementor-column-gap-no\">\n\t\t\t\t\t\t\t<div class=\"elementor-row\">\n\t\t\t\t\t<div class=\"elementor-column elementor-col-100 elementor-top-column elementor-element elementor-element-240f590\" data-id=\"240f590\" data-element_type=\"column\">\n\t\t\t<div class=\"elementor-column-wrap\">\n\t\t\t\t\t\t\t<div class=\"elementor-widget-wrap\">\n\t\t\t\t\t\t\t\t<\/div>\n\t\t\t\t\t<\/div>\n\t\t<\/div>\n\t\t\t\t\t\t\t\t<\/div>\n\t\t\t\t\t<\/div>\n\t\t<\/section>\n\t\t\t\t<section class=\"elementor-section elementor-top-section elementor-element elementor-element-5a26376 elementor-section-boxed elementor-section-height-default elementor-section-height-default\" data-id=\"5a26376\" data-element_type=\"section\">\n\t\t\t\t\t\t<div class=\"elementor-container elementor-column-gap-default\">\n\t\t\t\t\t\t\t<div class=\"elementor-row\">\n\t\t\t\t\t<div class=\"elementor-column elementor-col-100 elementor-top-column elementor-element elementor-element-675f664\" data-id=\"675f664\" data-element_type=\"column\">\n\t\t\t<div class=\"elementor-column-wrap\">\n\t\t\t\t\t\t\t<div class=\"elementor-widget-wrap\">\n\t\t\t\t\t\t\t\t<\/div>\n\t\t\t\t\t<\/div>\n\t\t<\/div>\n\t\t\t\t\t\t\t\t<\/div>\n\t\t\t\t\t<\/div>\n\t\t<\/section>\n\t\t\t\t\t\t<\/div>\n\t\t\t\t\t\t<\/div>\n\t\t\t\t\t<\/div>\n\t\t","protected":false},"excerpt":{"rendered":"<p>Tin t\u1ee9c v\u00e0 s\u1ef1 ki\u1ec7n Weather data of this location not found.<\/p>\n","protected":false},"author":1,"featured_media":0,"parent":0,"menu_order":0,"comment_status":"closed","ping_status":"closed","template":"","meta":[],"_links":{"self":[{"href":"https:\/\/ttthsaigon.vn\/index.php\/wp-json\/wp\/v2\/pages\/3100"}],"collection":[{"href":"https:\/\/ttthsaigon.vn\/index.php\/wp-json\/wp\/v2\/pages"}],"about":[{"href":"https:\/\/ttthsaigon.vn\/index.php\/wp-json\/wp\/v2\/types\/page"}],"author":[{"embeddable":true,"href":"https:\/\/ttthsaigon.vn\/index.php\/wp-json\/wp\/v2\/users\/1"}],"replies":[{"embeddable":true,"href":"https:\/\/ttthsaigon.vn\/index.php\/wp-json\/wp\/v2\/comments?post=3100"}],"version-history":[{"count":59,"href":"https:\/\/ttthsaigon.vn\/index.php\/wp-json\/wp\/v2\/pages\/3100\/revisions"}],"predecessor-version":[{"id":7858,"href":"https:\/\/ttthsaigon.vn\/index.php\/wp-json\/wp\/v2\/pages\/3100\/revisions\/7858"}],"wp:attachment":[{"href":"https:\/\/ttthsaigon.vn\/index.php\/wp-json\/wp\/v2\/media?parent=3100"}],"curies":[{"name":"wp","href":"https:\/\/api.w.org\/{rel}","templated":true}]}}